{"id":240,"date":"2018-06-08T20:26:23","date_gmt":"2018-06-08T18:26:23","guid":{"rendered":"https:\/\/eatwithpassion.eu\/?page_id=240"},"modified":"2026-03-18T12:55:52","modified_gmt":"2026-03-18T11:55:52","slug":"accueil","status":"publish","type":"page","link":"https:\/\/eatwithpassion.eu\/fr\/","title":{"rendered":"Accueil"},"content":{"rendered":"[mk_page_section bg_image=\u00a0\u00bbhttps:\/\/eatwithpassion.eu\/wp-content\/uploads\/2018\/06\/unexport_ewp_creatividad-01.jpg\u00a0\u00bb bg_position=\u00a0\u00bbcenter top\u00a0\u00bb bg_repeat=\u00a0\u00bbno-repeat\u00a0\u00bb bg_stretch=\u00a0\u00bbtrue\u00a0\u00bb enable_3d=\u00a0\u00bbtrue\u00a0\u00bb full_height=\u00a0\u00bbtrue\u00a0\u00bb el_class=\u00a0\u00bbborde-verde header-inicio\u00a0\u00bb sidebar=\u00a0\u00bbsidebar-1&Prime;][vc_column width=\u00a0\u00bb2\/3&Prime;][vc_custom_heading text=\u00a0\u00bbQuel est<br \/>\nle go\u00fbt de<br \/>\nprofiter<br \/>\nde la vie?\u00a0\u00bb font_container=\u00a0\u00bbtag:h1|font_size:122px|text_align:center|line_height:122px\u00a0\u00bb use_theme_fonts=\u00a0\u00bbyes\u00a0\u00bb css_animation=\u00a0\u00bbfadeIn\u00a0\u00bb][vc_single_image image=\u00a0\u00bb324&Prime; img_size=\u00a0\u00bbfull\u00a0\u00bb alignment=\u00a0\u00bbcenter\u00a0\u00bb][vc_empty_space height=\u00a0\u00bb10px\u00a0\u00bb][mk_button dimension=\u00a0\u00bbflat\u00a0\u00bb size=\u00a0\u00bbmedium\u00a0\u00bb url=\u00a0\u00bb#ver-mas\u00a0\u00bb align=\u00a0\u00bbcenter\u00a0\u00bb el_class=\u00a0\u00bbocultar-tablet\u00a0\u00bb]EN SAVOIR PLUS[\/mk_button][\/vc_column][vc_column width=\u00a0\u00bb1\/3&Prime;][\/vc_column][\/mk_page_section][vc_row id=\u00a0\u00bbver-mas\u00a0\u00bb][vc_column][vc_empty_space height=\u00a0\u00bb50px\u00a0\u00bb][\/vc_column][\/vc_row][vc_row][vc_column width=\u00a0\u00bb1\/2&Prime;][vc_custom_heading text=\u00a0\u00bbLa saison de past\u00e8que<br \/>\nest ici! \u00a0\u00bb font_container=\u00a0\u00bbtag:h2|text_align:center\u00a0\u00bb use_theme_fonts=\u00a0\u00bbyes\u00a0\u00bb css_animation=\u00a0\u00bbfadeIn\u00a0\u00bb][vc_column_text css=\u00a0\u00bb.vc_custom_1528482830657{margin-bottom: 0px !important;}\u00a0\u00bb]\n<p style=\"text-align: justify;\">Eat With Passion n&rsquo;est pas seulement une mani\u00e8re de comprendre le go\u00fbt de la past\u00e8que, mais aussi de comprendre la vie. Nos produits fournissent la plus haute qualit\u00e9 de chaque fruit avec plus de 12 000 hectares de production. UNEXPORT repr\u00e9sente cette qualit\u00e9 ainsi que la garantie de ses produits. Par cons\u00e9quent, nous avons travaill\u00e9 depuis le d\u00e9but et continuons \u00e0 le faire jour apr\u00e8s jour pour suivre notre trajectoire. Notre gamme de past\u00e8ques est export\u00e9e vers la France, le Danemark, la Finlande et le nord de l&rsquo;Espagne pour expliquer nouvelles fa\u00e7ons de d\u00e9guster les fruits.<\/p>\n<p style=\"text-align: justify;\">Nos consommateurs vivront une exp\u00e9rience unique pendant cette saison avec des <strong><u>recettes originales<\/u><\/strong> et cr\u00e9atives en profitant des avantages de la past\u00e8que pour la sant\u00e9 et l&rsquo;exp\u00e9rience incroyable qui est repr\u00e9sent\u00e9e par notre collection. C&rsquo;est la raison pour laquelle nous apportons les id\u00e9es les plus cool pour vos salades, desserts, granit\u00e9s et bien plus encore.<\/p>\n[\/vc_column_text][\/vc_column][vc_column width=\u00a0\u00bb1\/2&Prime;][vc_column_text css=\u00a0\u00bb.vc_custom_1528482891775{margin-bottom: 0px !important;}\u00a0\u00bb]\n<p style=\"text-align: justify;\">Vous d\u00e9couvrirez \u00e9galement les raisons pour lesquelles nos past\u00e8ques ont toujours une longueur d&rsquo;avance et leur impact sur les m\u00e9dias digitales puisque ce fruit hypocalorique s&rsquo;\u00e9tend aux nouveaux domaines. D\u00e9couvrez pourquoi les vitamines A et C ainsi que les antioxydants comme le lycop\u00e8ne peuvent changer votre vie. Ce fruit n&rsquo;est pas seulement une aventure saine et d\u00e9licieuse, mais aussi une histoire de manger avec passion tous les jours pendant cette saison.<\/p>\n<p style=\"text-align: justify;\">Les consommateurs sont de plus en plus conscients de ce qu&rsquo;ils mangent. Pour cette raison, vivre une aventure digitale est la cl\u00e9 pour comprendre certains avantages de la past\u00e8que, par exemple la pr\u00e9vention des probl\u00e8mes de sant\u00e9, la d\u00e9shydratation, les avantages pour la peau et les cheveux et la revitalisation des muscles, entre autres.<\/p>\n<blockquote><p>&lsquo;<strong>Eat With passion<\/strong> inspire la qualit\u00e9 de nos past\u00e8ques, mais surtout signifie d\u00e9guster et vivre une exp\u00e9rience unique avec ceux qui vous entourent et veulent le meilleur pour vous.&rsquo;<\/p><\/blockquote>\n[\/vc_column_text][\/vc_column][\/vc_row][vc_row][vc_column][vc_empty_space height=\u00a0\u00bb50px\u00a0\u00bb][\/vc_column][\/vc_row][mk_page_section bg_image=\u00a0\u00bbhttps:\/\/eatwithpassion.eu\/wp-content\/uploads\/2018\/06\/unexport_ewp_sand-light-r.jpg\u00a0\u00bb bg_position=\u00a0\u00bbcenter top\u00a0\u00bb bg_repeat=\u00a0\u00bbno-repeat\u00a0\u00bb bg_stretch=\u00a0\u00bbtrue\u00a0\u00bb enable_3d=\u00a0\u00bbtrue\u00a0\u00bb padding_top=\u00a0\u00bb50&Prime; padding_bottom=\u00a0\u00bb50&Prime; section_id=\u00a0\u00bbexperiencia-digital\u00a0\u00bb el_class=\u00a0\u00bbborde-verde\u00a0\u00bb sidebar=\u00a0\u00bbsidebar-1&Prime;][vc_column width=\u00a0\u00bb1\/2&Prime;][vc_images_carousel images=\u00a0\u00bb281,282,283,284,285,286,287,288&Prime; img_size=\u00a0\u00bbfull\u00a0\u00bb onclick=\u00a0\u00bblink_no\u00a0\u00bb autoplay=\u00a0\u00bbyes\u00a0\u00bb hide_pagination_control=\u00a0\u00bbyes\u00a0\u00bb wrap=\u00a0\u00bbyes\u00a0\u00bb][\/vc_column][vc_column width=\u00a0\u00bb1\/2&Prime;][vc_empty_space height=\u00a0\u00bb50px\u00a0\u00bb][vc_custom_heading text=\u00a0\u00bbUne exp\u00e9rience<br \/>\ndigitale\u00a0\u00bb font_container=\u00a0\u00bbtag:h2|font_size:55|text_align:center\u00a0\u00bb use_theme_fonts=\u00a0\u00bbyes\u00a0\u00bb css_animation=\u00a0\u00bbfadeIn\u00a0\u00bb][vc_empty_space height=\u00a0\u00bb30px\u00a0\u00bb][mk_button dimension=\u00a0\u00bbflat\u00a0\u00bb size=\u00a0\u00bbmedium\u00a0\u00bb url=\u00a0\u00bbhttps:\/\/www.facebook.com\/unexportcooperativa\/\u00a0\u00bb target=\u00a0\u00bb_blank\u00a0\u00bb align=\u00a0\u00bbcenter\u00a0\u00bb]CONNECTER \u00c0 FACEBOOK[\/mk_button][\/vc_column][\/mk_page_section][vc_row fullwidth=\u00a0\u00bbtrue\u00a0\u00bb id=\u00a0\u00bbmultimedia\u00a0\u00bb][vc_column][vc_video host=\u00a0\u00bbself_hosted\u00a0\u00bb mp4=\u00a0\u00bbhttps:\/\/eatwithpassion.eu\/wp-content\/uploads\/2018\/06\/video_01_fr.mp4&Prime; custom_thumbnail=\u00a0\u00bbtrue\u00a0\u00bb play_icon_color=\u00a0\u00bb#69b365&Prime; play_target=\u00a0\u00bbsame\u00a0\u00bb thumbnail_image=\u00a0\u00bb244&Prime;][\/vc_column][\/vc_row][vc_row id=\u00a0\u00bbrecetario-de-sandia\u00a0\u00bb][vc_column][vc_empty_space height=\u00a0\u00bb50px\u00a0\u00bb][\/vc_column][\/vc_row][vc_row][vc_column width=\u00a0\u00bb1\/2&Prime;][vc_custom_heading text=\u00a0\u00bbNotre livre de recettes \u00a0\u00bb font_container=\u00a0\u00bbtag:h3|text_align:left\u00a0\u00bb use_theme_fonts=\u00a0\u00bbyes\u00a0\u00bb css_animation=\u00a0\u00bbfadeIn\u00a0\u00bb][\/vc_column][vc_column width=\u00a0\u00bb1\/2&Prime;][mk_button dimension=\u00a0\u00bbflat\u00a0\u00bb size=\u00a0\u00bbmedium\u00a0\u00bb url=\u00a0\u00bb\/wp-content\/uploads\/2018\/06\/unexport_ewp_recetario-apaisado_fr_040618.pdf\u00a0\u00bb target=\u00a0\u00bb_blank\u00a0\u00bb align=\u00a0\u00bbright\u00a0\u00bb el_class=\u00a0\u00bbboton-rosa\u00a0\u00bb]T\u00c9l\u00c9CHARGER[\/mk_button][\/vc_column][\/vc_row][vc_row fullwidth=\u00a0\u00bbtrue\u00a0\u00bb fullwidth_content=\u00a0\u00bbfalse\u00a0\u00bb css=\u00a0\u00bb.vc_custom_1528394047735{border-bottom-width: 20px !important;border-bottom-color: #69b365 !important;border-bottom-style: solid !important;}\u00a0\u00bb][vc_column][vc_empty_space height=\u00a0\u00bb30px\u00a0\u00bb][vc_basic_grid post_type=\u00a0\u00bbpost\u00a0\u00bb max_items=\u00a0\u00bb-1&Prime; style=\u00a0\u00bbpagination\u00a0\u00bb items_per_page=\u00a0\u00bb1&Prime; element_width=\u00a0\u00bb12&Prime; gap=\u00a0\u00bb0&Prime; arrows_design=\u00a0\u00bbvc_arrow-icon-arrow_02_left\u00a0\u00bb arrows_position=\u00a0\u00bboutside\u00a0\u00bb arrows_color=\u00a0\u00bbjuicy_pink\u00a0\u00bb paging_color=\u00a0\u00bbjuicy_pink\u00a0\u00bb loop=\u00a0\u00bbyes\u00a0\u00bb autoplay=\u00a0\u00bb10&Prime; item=\u00a0\u00bb121&Prime; grid_id=\u00a0\u00bbvc_gid:1625830462839-fdd64af4-9eb7-2&Prime;][\/vc_column][\/vc_row][mk_page_section bg_image=\u00a0\u00bbhttps:\/\/eatwithpassion.eu\/wp-content\/uploads\/2018\/06\/unexport_ewp_sand-light-r.jpg\u00a0\u00bb bg_position=\u00a0\u00bbcenter top\u00a0\u00bb bg_repeat=\u00a0\u00bbno-repeat\u00a0\u00bb bg_stretch=\u00a0\u00bbtrue\u00a0\u00bb enable_3d=\u00a0\u00bbtrue\u00a0\u00bb padding_top=\u00a0\u00bb50&Prime; padding_bottom=\u00a0\u00bb50&Prime; section_id=\u00a0\u00bbnuestras-sandias\u00a0\u00bb sidebar=\u00a0\u00bbsidebar-1&Prime;][vc_column][vc_row_inner attached=\u00a0\u00bbtrue\u00a0\u00bb][vc_column_inner width=\u00a0\u00bb1\/2&Prime;][vc_custom_heading text=\u00a0\u00bbNOS PAST\u00c8QUES\u00a0\u00bb font_container=\u00a0\u00bbtag:h3|text_align:left\u00a0\u00bb use_theme_fonts=\u00a0\u00bbyes\u00a0\u00bb css_animation=\u00a0\u00bbfadeIn\u00a0\u00bb][\/vc_column_inner][vc_column_inner width=\u00a0\u00bb1\/2&Prime;][mk_button dimension=\u00a0\u00bbflat\u00a0\u00bb size=\u00a0\u00bbmedium\u00a0\u00bb url=\u00a0\u00bbhttp:\/\/www.unexport.es\/\u00a0\u00bb target=\u00a0\u00bb_blank\u00a0\u00bb align=\u00a0\u00bbright\u00a0\u00bb]ACC\u00c9DER \u00c0 UNEXPORT[\/mk_button][\/vc_column_inner][\/vc_row_inner][vc_empty_space height=\u00a0\u00bb30px\u00a0\u00bb][vc_row_inner][vc_column_inner width=\u00a0\u00bb1\/3&Prime;][vc_single_image image=\u00a0\u00bb58&Prime; img_size=\u00a0\u00bbfull\u00a0\u00bb alignment=\u00a0\u00bbcenter\u00a0\u00bb][vc_custom_heading text=\u00a0\u00bbPast\u00e8que Noire\u00a0\u00bb font_container=\u00a0\u00bbtag:h4|text_align:center\u00a0\u00bb use_theme_fonts=\u00a0\u00bbyes\u00a0\u00bb][\/vc_column_inner][vc_column_inner width=\u00a0\u00bb1\/3&Prime;][vc_single_image image=\u00a0\u00bb61&Prime; img_size=\u00a0\u00bbfull\u00a0\u00bb alignment=\u00a0\u00bbcenter\u00a0\u00bb][vc_custom_heading text=\u00a0\u00bbPast\u00e8que Blanche\u00a0\u00bb font_container=\u00a0\u00bbtag:h4|text_align:center\u00a0\u00bb use_theme_fonts=\u00a0\u00bbyes\u00a0\u00bb][\/vc_column_inner][vc_column_inner width=\u00a0\u00bb1\/3&Prime;][vc_empty_space height=\u00a0\u00bb35px\u00a0\u00bb][vc_single_image image=\u00a0\u00bb60&Prime; img_size=\u00a0\u00bbfull\u00a0\u00bb alignment=\u00a0\u00bbcenter\u00a0\u00bb][vc_empty_space height=\u00a0\u00bb28px\u00a0\u00bb][vc_custom_heading text=\u00a0\u00bbMini Past\u00e8que\u00a0\u00bb font_container=\u00a0\u00bbtag:h4|text_align:center\u00a0\u00bb use_theme_fonts=\u00a0\u00bbyes\u00a0\u00bb][\/vc_column_inner][\/vc_row_inner][vc_row_inner][vc_column_inner width=\u00a0\u00bb1\/3&Prime;][vc_empty_space height=\u00a0\u00bb15px\u00a0\u00bb][vc_single_image image=\u00a0\u00bb66&Prime; img_size=\u00a0\u00bbfull\u00a0\u00bb alignment=\u00a0\u00bbcenter\u00a0\u00bb css=\u00a0\u00bb.vc_custom_1528411592854{margin-bottom: 27px !important;}\u00a0\u00bb][vc_custom_heading text=\u00a0\u00bbMini Eco Past\u00e8que\u00a0\u00bb font_container=\u00a0\u00bbtag:h4|text_align:center\u00a0\u00bb use_theme_fonts=\u00a0\u00bbyes\u00a0\u00bb][\/vc_column_inner][vc_column_inner width=\u00a0\u00bb2\/3&Prime;][vc_single_image image=\u00a0\u00bb190&Prime; img_size=\u00a0\u00bbfull\u00a0\u00bb css=\u00a0\u00bb.vc_custom_1528483364639{margin-bottom: 0px !important;margin-left: 6% !important;}\u00a0\u00bb][vc_custom_heading text=\u00a0\u00bbEco Past\u00e8que Blanche\u00a0\u00bb font_container=\u00a0\u00bbtag:h4|text_align:left\u00a0\u00bb use_theme_fonts=\u00a0\u00bbyes\u00a0\u00bb css=\u00a0\u00bb.vc_custom_1528483352383{margin-left: 13% !important;}\u00a0\u00bb][\/vc_column_inner][\/vc_row_inner][\/vc_column][\/mk_page_section][mk_page_section bg_image=\u00a0\u00bbhttps:\/\/eatwithpassion.eu\/wp-content\/uploads\/2018\/06\/fondo-header.jpg\u00a0\u00bb bg_position=\u00a0\u00bbcenter center\u00a0\u00bb bg_repeat=\u00a0\u00bbno-repeat\u00a0\u00bb bg_stretch=\u00a0\u00bbtrue\u00a0\u00bb enable_3d=\u00a0\u00bbtrue\u00a0\u00bb padding_top=\u00a0\u00bb100&Prime; padding_bottom=\u00a0\u00bb100&Prime; section_id=\u00a0\u00bbcontacto\u00a0\u00bb sidebar=\u00a0\u00bbsidebar-1&Prime;][vc_column][vc_custom_heading text=\u00a0\u00bbContactez-nous\u00a0\u00bb font_container=\u00a0\u00bbtag:h3|text_align:left|color:%23ffffff\u00a0\u00bb use_theme_fonts=\u00a0\u00bbyes\u00a0\u00bb css_animation=\u00a0\u00bbfadeIn\u00a0\u00bb][vc_empty_space height=\u00a0\u00bb30px\u00a0\u00bb][vc_column_text css=\u00a0\u00bb.vc_custom_1528483505952{margin-bottom: 0px !important;}\u00a0\u00bb]<div role=\"form\" class=\"wpcf7\" id=\"wpcf7-f246-o1\" lang=\"es-ES\" dir=\"ltr\">\n<div class=\"screen-reader-response\"><\/div>\n<form action=\"\/fr\/wp-json\/wp\/v2\/pages\/240#wpcf7-f246-o1\" method=\"post\" class=\"wpcf7-form\" novalidate=\"novalidate\">\n<div style=\"display: none;\">\n<input type=\"hidden\" name=\"_wpcf7\" value=\"246\" \/>\n<input type=\"hidden\" name=\"_wpcf7_version\" value=\"5.0.2\" \/>\n<input type=\"hidden\" name=\"_wpcf7_locale\" value=\"es_ES\" \/>\n<input type=\"hidden\" name=\"_wpcf7_unit_tag\" value=\"wpcf7-f246-o1\" \/>\n<input type=\"hidden\" name=\"_wpcf7_container_post\" value=\"0\" \/>\n<\/div>\n<div style=\"float: left; min-width: 200px; margin-right: 1%;\" class=\"formulario-contacto\">\n<div style=\"float: left; width: 100%; margin-bottom:10px;\">\n    <span class=\"wpcf7-form-control-wrap your-name\"><input type=\"text\" name=\"your-name\" value=\"\" size=\"40\" class=\"wpcf7-form-control wpcf7-text wpcf7-validates-as-required\" aria-required=\"true\" aria-invalid=\"false\" placeholder=\"Nom (obligatoire)\" \/><\/span> <\/div>\n<div style=\"float: left; width: 100%; margin-bottom:10px;\">\n    <span class=\"wpcf7-form-control-wrap your-email\"><input type=\"email\" name=\"your-email\" value=\"\" size=\"40\" class=\"wpcf7-form-control wpcf7-text wpcf7-email wpcf7-validates-as-required wpcf7-validates-as-email\" aria-required=\"true\" aria-invalid=\"false\" placeholder=\"E-mail (obligatoire)\" \/><\/span> <\/div>\n<\/div>\n<div style=\"float: left; min-width: 200px; margin-right: 1%;\" class=\"formulario-contacto\">\n<div style=\"float: left; width: 100%; margin-bottom:10px;\">\n    <span class=\"wpcf7-form-control-wrap your-message\"><textarea name=\"your-message\" cols=\"40\" rows=\"10\" class=\"wpcf7-form-control wpcf7-textarea\" aria-invalid=\"false\" placeholder=\"Message\"><\/textarea><\/span> <\/div>\n<\/div>\n<div style=\"float: left; width: 100%; margin-bottom:10px; text-align: right; padding-right: 1%; color:#fff;\"><span class=\"wpcf7-form-control-wrap acceptance-639\"><span class=\"wpcf7-form-control wpcf7-acceptance\"><span class=\"wpcf7-list-item\"><label><input type=\"checkbox\" name=\"acceptance-639\" value=\"1\" aria-invalid=\"false\" \/><span class=\"wpcf7-list-item-label\">J'accepte les <a style=\"color:#fff\" href=\"\/politica-de-privacidad\/\"><u>termes et conditions de la vie priv\u00e9e<\/u><\/a>.<\/span><\/label><\/span><\/span><\/span><\/div>\n<div style=\"float: right; width: 200px; margin-right: 1%;\"><input type=\"submit\" value=\"Envoyer\" class=\"wpcf7-form-control wpcf7-submit\" \/><\/div>\n<div class=\"wpcf7-response-output wpcf7-display-none\"><\/div><\/form><\/div>[\/vc_column_text][\/vc_column][\/mk_page_section]\n","protected":false},"excerpt":{"rendered":"<p>[mk_page_section bg_image=\u00a0\u00bbhttps:\/\/eatwithpassion.eu\/wp-content\/uploads\/2018\/06\/unexport_ewp_creatividad-01.jpg\u00a0\u00bb bg_position=\u00a0\u00bbcenter top\u00a0\u00bb bg_repeat=\u00a0\u00bbno-repeat\u00a0\u00bb bg_stretch=\u00a0\u00bbtrue\u00a0\u00bb enable_3d=\u00a0\u00bbtrue\u00a0\u00bb full_height=\u00a0\u00bbtrue\u00a0\u00bb el_class=\u00a0\u00bbborde-verde header-inicio\u00a0\u00bb sidebar=\u00a0\u00bbsidebar-1&Prime;][vc_column width=\u00a0\u00bb2\/3&Prime;][vc_custom_heading text=\u00a0\u00bbQuel est le go\u00fbt de profiter de la vie?\u00a0\u00bb font_container=\u00a0\u00bbtag:h1|font_size:122px|text_align:center|line_height:122px\u00a0\u00bb use_theme_fonts=\u00a0\u00bbyes\u00a0\u00bb css_animation=\u00a0\u00bbfadeIn\u00a0\u00bb][vc_single_image image=\u00a0\u00bb324&Prime; img_size=\u00a0\u00bbfull\u00a0\u00bb alignment=\u00a0\u00bbcenter\u00a0\u00bb][vc_empty_space height=\u00a0\u00bb10px\u00a0\u00bb][mk_button dimension=\u00a0\u00bbflat\u00a0\u00bb size=\u00a0\u00bbmedium\u00a0\u00bb url=\u00a0\u00bb#ver-mas\u00a0\u00bb align=\u00a0\u00bbcenter\u00a0\u00bb el_class=\u00a0\u00bbocultar-tablet\u00a0\u00bb]EN SAVOIR PLUS[\/mk_button][\/vc_column][vc_column width=\u00a0\u00bb1\/3&Prime;][\/vc_column][\/mk_page_section][vc_row id=\u00a0\u00bbver-mas\u00a0\u00bb][vc_column][vc_empty_space height=\u00a0\u00bb50px\u00a0\u00bb][\/vc_column][\/vc_row][vc_row][vc_column width=\u00a0\u00bb1\/2&Prime;][vc_custom_heading text=\u00a0\u00bbLa saison de past\u00e8que est ici! \u00a0\u00bb font_container=\u00a0\u00bbtag:h2|text_align:center\u00a0\u00bb use_theme_fonts=\u00a0\u00bbyes\u00a0\u00bb css_animation=\u00a0\u00bbfadeIn\u00a0\u00bb][vc_column_text css=\u00a0\u00bb.vc_custom_1528482830657{margin-bottom: 0px !important;}\u00a0\u00bb] Eat With Passion [&hellip;]<\/p>\n","protected":false},"author":2,"featured_media":0,"parent":0,"menu_order":0,"comment_status":"open","ping_status":"open","template":"","meta":{"footnotes":""},"class_list":["post-240","page","type-page","status-publish","hentry"],"_links":{"self":[{"href":"https:\/\/eatwithpassion.eu\/fr\/wp-json\/wp\/v2\/pages\/240","targetHints":{"allow":["GET"]}}],"collection":[{"href":"https:\/\/eatwithpassion.eu\/fr\/wp-json\/wp\/v2\/pages"}],"about":[{"href":"https:\/\/eatwithpassion.eu\/fr\/wp-json\/wp\/v2\/types\/page"}],"author":[{"embeddable":true,"href":"https:\/\/eatwithpassion.eu\/fr\/wp-json\/wp\/v2\/users\/2"}],"replies":[{"embeddable":true,"href":"https:\/\/eatwithpassion.eu\/fr\/wp-json\/wp\/v2\/comments?post=240"}],"version-history":[{"count":8,"href":"https:\/\/eatwithpassion.eu\/fr\/wp-json\/wp\/v2\/pages\/240\/revisions"}],"predecessor-version":[{"id":356,"href":"https:\/\/eatwithpassion.eu\/fr\/wp-json\/wp\/v2\/pages\/240\/revisions\/356"}],"wp:attachment":[{"href":"https:\/\/eatwithpassion.eu\/fr\/wp-json\/wp\/v2\/media?parent=240"}],"curies":[{"name":"wp","href":"https:\/\/api.w.org\/{rel}","templated":true}]}}